{"id":148,"date":"2025-05-14T10:15:38","date_gmt":"2025-05-14T10:15:38","guid":{"rendered":"https:\/\/adesivi-tastiera.matehub.it\/?post_type=product&#038;p=148"},"modified":"2025-05-27T10:04:16","modified_gmt":"2025-05-27T10:04:16","slug":"100-etichette-adesive-sigilli-di-garanzia-10x20mm","status":"publish","type":"product","link":"https:\/\/adesivi-tastiera.matehub.it\/index.php\/prodotto\/100-etichette-adesive-sigilli-di-garanzia-10x20mm\/","title":{"rendered":"100 Etichette Adesive Sigilli di Garanzia 10x20mm"},"content":{"rendered":"<div style=\"font-family: sans-serif; line-height: 1.5; font-size: 19px;\">\n<p>Questo set da 100 etichette adesive \u00e8 ideale per sigillare dispositivi elettronici, garantendo l&#8217;integrit\u00e0 del prodotto e la sicurezza della garanzia. Grazie alla funzione antimanomissione, ogni etichetta si distrugge irreversibilmente al primo tentativo di rimozione, rendendo chiaro qualsiasi tentativo di effrazione.<\/p>\n<p>Le scritte \u201cWarranty Void\u201d e \u201cIf Seal Broken\u201d, riconosciute a livello internazionale, offrono un messaggio immediatamente comprensibile in ogni contesto. Inoltre, l&#8217;adesione \u00e8 istantanea e funziona perfettamente su superfici curve, lisce o convesse, garantendo versatilit\u00e0 e affidabilit\u00e0 anche in ambito tecnico o commerciale.<\/p>\n<h4><strong>Caratteristiche Principali<\/strong><\/h4>\n<ul>\n<li>Materiale: PVC ultra-distruttibile professionale<\/li>\n<li>Scritta blu su sfondo bianco: \u201cWarranty Void \u2013 If Seal Broken\u201d<\/li>\n<li>Effetto antimanomissione: Rottura irreparabile alla rimozione<\/li>\n<li>Adesione istantanea su superfici lisce, curve o convesse<\/li>\n<li>Facili da applicare come adesivi standard<\/li>\n<li>Resistenti all\u2019acqua<\/li>\n<\/ul>\n<h4><strong>Dettagli Tecnici<\/strong><\/h4>\n<ul>\n<li>Quantit\u00e0: 100 etichette<\/li>\n<li>Dimensioni singola etichetta: 10 \u00d7 20 mm (1 \u00d7 2 cm)<\/li>\n<li>Fornitura: in fogli pretagliati<\/li>\n<li>Utilizzo ideale per: notebook, netbook, tablet, hard disk, componenti elettronici, dispositivi Apple<\/li>\n<li>Produzione: Made in Italy<\/li>\n<\/ul>\n<h4><strong>Utilizzi Consigliati<\/strong><\/h4>\n<ul>\n<li>Certificazione della garanzia su dispositivi elettronici<\/li>\n<li>Controllo visivo immediato di eventuali manomissioni<\/li>\n<li>Etichettatura professionale per rivenditori, laboratori e centri assistenza<\/li>\n<li>Protezione per smartphone, computer, accessori IT e anche altro<\/li>\n<\/ul>\n<h4><strong>Sconti per Quantit\u00e0<\/strong><\/h4>\n<table style=\"width: 100%; border-collapse: collapse; font-family: sans-serif; text-align: center; box-shadow: 0 0 0 1px #e0e0e0; border-radius: 25px; overflow: hidden;\">\n<thead>\n<tr style=\"background-color: #008080; color: white;\">\n<th style=\"border: 1px solid #ddd; padding: 8px;\">Quantit\u00e0<\/th>\n<th style=\"border: 1px solid #ddd; padding: 8px;\">Sconto<\/th>\n<th style=\"border: 1px solid #ddd; padding: 8px;\">Risparmio<\/th>\n<\/tr>\n<\/thead>\n<tbody>\n<tr>\n<td style=\"border: 1px solid #ddd; padding: 8px;\">5<\/td>\n<td style=\"border: 1px solid #ddd; padding: 8px;\">10%<\/td>\n<td style=\"border: 1px solid #ddd; padding: 8px;\">4,98 \u20ac<\/td>\n<\/tr>\n<tr>\n<td style=\"border: 1px solid #ddd; padding: 8px;\">10<\/td>\n<td style=\"border: 1px solid #ddd; padding: 8px;\">20%<\/td>\n<td style=\"border: 1px solid #ddd; padding: 8px;\">19,90 \u20ac<\/td>\n<\/tr>\n<tr>\n<td style=\"border: 1px solid #ddd; padding: 8px;\">25<\/td>\n<td style=\"border: 1px solid #ddd; padding: 8px;\">30%<\/td>\n<td style=\"border: 1px solid #ddd; padding: 8px;\">74,63 \u20ac<\/td>\n<\/tr>\n<tr>\n<td style=\"border: 1px solid #ddd; padding: 8px;\">50<\/td>\n<td style=\"border: 1px solid #ddd; padding: 8px;\">40%<\/td>\n<td style=\"border: 1px solid #ddd; padding: 8px;\">199,00 \u20ac<\/td>\n<\/tr>\n<tr>\n<td style=\"border: 1px solid #ddd; padding: 8px;\">100<\/td>\n<td style=\"border: 1px solid #ddd; padding: 8px;\">50%<\/td>\n<td style=\"border: 1px solid #ddd; padding: 8px;\">497,50 \u20ac<\/td>\n<\/tr>\n<\/tbody>\n<\/table>\n<h4><strong>Perch\u00e9 Sceglierle<\/strong><\/h4>\n<p>Questo set formato da 100 etichette adesive rappresenta una soluzione affidabile per chi desidera proteggere dispositivi sensibili da manomissioni. Grazie al messaggio multilingua, al design tecnico e alla distruttibilit\u00e0 al distacco, sono perfette per ambienti professionali come assistenza tecnica, laboratori e rivenditori certificati.<\/p>\n<\/div>\n","protected":false},"excerpt":{"rendered":"<div style=\"font-family: sans-serif; line-height: 1.6;\">\n<p style=\"margin: 0 0 0.5em 0;\">\u2022 Set da 100 sigilli adesivi da 10 \u00d7 20 mm con scritta \u201cWarranty Void \u2013 If Seal Broken\u201d<\/p>\n<p style=\"margin: 0 0 0.5em 0;\">\u2022 Materiale PVC ultra-distruttibile \u2013 effetto antimanomissione visibile<\/p>\n<p style=\"margin: 0 0 0.5em 0;\">\u2022 Colore blu su bianco per una lettura immediata e chiara<\/p>\n<p style=\"margin: 0 0 0.5em 0;\">\u2022 Applicabili su superfici curve, piane e convesse \u2013 resistenti all\u2019acqua<\/p>\n<p style=\"margin: 0;\">\u2022 Ideali per proteggere notebook, tablet, hard disk e dispositivi elettronici<\/p>\n<\/div>\n","protected":false},"featured_media":149,"comment_status":"closed","ping_status":"closed","template":"","meta":[],"product_brand":[88,86],"product_cat":[25],"product_tag":[107,106,108,104,103,105,102],"class_list":{"0":"post-148","1":"product","2":"type-product","3":"status-publish","4":"has-post-thumbnail","6":"product_brand-adesivitastiera","7":"product_brand-stickerslab-ghirardi","8":"product_cat-sigilli-garanzia-antieffrazione","9":"product_tag-antieffrazione","10":"product_tag-antimanomissione","11":"product_tag-antirimozione","12":"product_tag-etichette","13":"product_tag-garanzia","14":"product_tag-sicurezza","15":"product_tag-sigilli","17":"first","18":"instock","19":"shipping-taxable","20":"purchasable","21":"product-type-simple"},"yoast_head":"<!-- This site is optimized with the Yoast SEO plugin v25.3 - https:\/\/yoast.com\/wordpress\/plugins\/seo\/ -->\n<title>100 Etichette Adesive Sigilli di Garanzia 10x20mm - Adesivi Tastiera<\/title>\n<meta name=\"description\" content=\"Set di 100 etichette adesive con scritta \u201cWarranty Void \u2013 If Seal Broken\u201d in PVC. Ideali per proteggere dispositivi da manomissioni e garantire la garanzia.\" \/>\n<meta name=\"robots\" content=\"index, follow, max-snippet:-1, max-image-preview:large, max-video-preview:-1\" \/>\n<link rel=\"canonical\" href=\"https:\/\/adesivi-tastiera.matehub.it\/index.php\/prodotto\/100-etichette-adesive-sigilli-di-garanzia-10x20mm\/\" \/>\n<meta property=\"og:locale\" content=\"it_IT\" \/>\n<meta property=\"og:type\" content=\"article\" \/>\n<meta property=\"og:title\" content=\"100 Etichette Adesive Sigilli di Garanzia 10x20mm - Adesivi Tastiera\" \/>\n<meta property=\"og:description\" content=\"Set di 100 etichette adesive con scritta \u201cWarranty Void \u2013 If Seal Broken\u201d in PVC. Ideali per proteggere dispositivi da manomissioni e garantire la garanzia.\" \/>\n<meta property=\"og:url\" content=\"https:\/\/adesivi-tastiera.matehub.it\/index.php\/prodotto\/100-etichette-adesive-sigilli-di-garanzia-10x20mm\/\" \/>\n<meta property=\"og:site_name\" content=\"Adesivi Tastiera\" \/>\n<meta property=\"article:publisher\" content=\"https:\/\/www.facebook.com\/StickersLabSrl\" \/>\n<meta property=\"article:modified_time\" content=\"2025-05-27T10:04:16+00:00\" \/>\n<meta property=\"og:image\" content=\"https:\/\/adesivi-tastiera.matehub.it\/wp-content\/uploads\/2025\/05\/princ-5.jpg\" \/>\n\t<meta property=\"og:image:width\" content=\"800\" \/>\n\t<meta property=\"og:image:height\" content=\"800\" \/>\n\t<meta property=\"og:image:type\" content=\"image\/jpeg\" \/>\n<meta name=\"twitter:card\" content=\"summary_large_image\" \/>\n<meta name=\"twitter:label1\" content=\"Tempo di lettura stimato\" \/>\n\t<meta name=\"twitter:data1\" content=\"2 minuti\" \/>\n<script type=\"application\/ld+json\" class=\"yoast-schema-graph\">{\"@context\":\"https:\/\/schema.org\",\"@graph\":[{\"@type\":\"WebPage\",\"@id\":\"https:\/\/adesivi-tastiera.matehub.it\/index.php\/prodotto\/100-etichette-adesive-sigilli-di-garanzia-10x20mm\/\",\"url\":\"https:\/\/adesivi-tastiera.matehub.it\/index.php\/prodotto\/100-etichette-adesive-sigilli-di-garanzia-10x20mm\/\",\"name\":\"100 Etichette Adesive Sigilli di Garanzia 10x20mm - Adesivi Tastiera\",\"isPartOf\":{\"@id\":\"https:\/\/adesivi-tastiera.matehub.it\/#website\"},\"primaryImageOfPage\":{\"@id\":\"https:\/\/adesivi-tastiera.matehub.it\/index.php\/prodotto\/100-etichette-adesive-sigilli-di-garanzia-10x20mm\/#primaryimage\"},\"image\":{\"@id\":\"https:\/\/adesivi-tastiera.matehub.it\/index.php\/prodotto\/100-etichette-adesive-sigilli-di-garanzia-10x20mm\/#primaryimage\"},\"thumbnailUrl\":\"https:\/\/adesivi-tastiera.matehub.it\/wp-content\/uploads\/2025\/05\/princ-5.jpg\",\"datePublished\":\"2025-05-14T10:15:38+00:00\",\"dateModified\":\"2025-05-27T10:04:16+00:00\",\"description\":\"Set di 100 etichette adesive con scritta \u201cWarranty Void \u2013 If Seal Broken\u201d in PVC. Ideali per proteggere dispositivi da manomissioni e garantire la garanzia.\",\"breadcrumb\":{\"@id\":\"https:\/\/adesivi-tastiera.matehub.it\/index.php\/prodotto\/100-etichette-adesive-sigilli-di-garanzia-10x20mm\/#breadcrumb\"},\"inLanguage\":\"it-IT\",\"potentialAction\":[{\"@type\":\"ReadAction\",\"target\":[\"https:\/\/adesivi-tastiera.matehub.it\/index.php\/prodotto\/100-etichette-adesive-sigilli-di-garanzia-10x20mm\/\"]}]},{\"@type\":\"ImageObject\",\"inLanguage\":\"it-IT\",\"@id\":\"https:\/\/adesivi-tastiera.matehub.it\/index.php\/prodotto\/100-etichette-adesive-sigilli-di-garanzia-10x20mm\/#primaryimage\",\"url\":\"https:\/\/adesivi-tastiera.matehub.it\/wp-content\/uploads\/2025\/05\/princ-5.jpg\",\"contentUrl\":\"https:\/\/adesivi-tastiera.matehub.it\/wp-content\/uploads\/2025\/05\/princ-5.jpg\",\"width\":800,\"height\":800},{\"@type\":\"BreadcrumbList\",\"@id\":\"https:\/\/adesivi-tastiera.matehub.it\/index.php\/prodotto\/100-etichette-adesive-sigilli-di-garanzia-10x20mm\/#breadcrumb\",\"itemListElement\":[{\"@type\":\"ListItem\",\"position\":1,\"name\":\"Home\",\"item\":\"https:\/\/adesivi-tastiera.matehub.it\/\"},{\"@type\":\"ListItem\",\"position\":2,\"name\":\"Shop\",\"item\":\"https:\/\/adesivi-tastiera.matehub.it\/index.php\/shop\/\"},{\"@type\":\"ListItem\",\"position\":3,\"name\":\"100 Etichette Adesive Sigilli di Garanzia 10x20mm\"}]},{\"@type\":\"WebSite\",\"@id\":\"https:\/\/adesivi-tastiera.matehub.it\/#website\",\"url\":\"https:\/\/adesivi-tastiera.matehub.it\/\",\"name\":\"AdesiviTastiera\",\"description\":\"\",\"publisher\":{\"@id\":\"https:\/\/adesivi-tastiera.matehub.it\/#organization\"},\"potentialAction\":[{\"@type\":\"SearchAction\",\"target\":{\"@type\":\"EntryPoint\",\"urlTemplate\":\"https:\/\/adesivi-tastiera.matehub.it\/?s={search_term_string}\"},\"query-input\":{\"@type\":\"PropertyValueSpecification\",\"valueRequired\":true,\"valueName\":\"search_term_string\"}}],\"inLanguage\":\"it-IT\"},{\"@type\":\"Organization\",\"@id\":\"https:\/\/adesivi-tastiera.matehub.it\/#organization\",\"name\":\"AdesiviTastiera\",\"url\":\"https:\/\/adesivi-tastiera.matehub.it\/\",\"logo\":{\"@type\":\"ImageObject\",\"inLanguage\":\"it-IT\",\"@id\":\"https:\/\/adesivi-tastiera.matehub.it\/#\/schema\/logo\/image\/\",\"url\":\"https:\/\/adesivi-tastiera.matehub.it\/wp-content\/uploads\/2025\/05\/Adesivi-Tastiera-TM.png\",\"contentUrl\":\"https:\/\/adesivi-tastiera.matehub.it\/wp-content\/uploads\/2025\/05\/Adesivi-Tastiera-TM.png\",\"width\":2000,\"height\":543,\"caption\":\"AdesiviTastiera\"},\"image\":{\"@id\":\"https:\/\/adesivi-tastiera.matehub.it\/#\/schema\/logo\/image\/\"},\"sameAs\":[\"https:\/\/www.facebook.com\/StickersLabSrl\",\"https:\/\/www.instagram.com\/stickerslab_srl\",\"https:\/\/www.youtube.com\/c\/stickerslab\",\"https:\/\/www.linkedin.com\/company\/stickerslab-srl\"]}]}<\/script>\n<!-- \/ Yoast SEO plugin. -->","yoast_head_json":{"title":"100 Etichette Adesive Sigilli di Garanzia 10x20mm - Adesivi Tastiera","description":"Set di 100 etichette adesive con scritta \u201cWarranty Void \u2013 If Seal Broken\u201d in PVC. Ideali per proteggere dispositivi da manomissioni e garantire la garanzia.","robots":{"index":"index","follow":"follow","max-snippet":"max-snippet:-1","max-image-preview":"max-image-preview:large","max-video-preview":"max-video-preview:-1"},"canonical":"https:\/\/adesivi-tastiera.matehub.it\/index.php\/prodotto\/100-etichette-adesive-sigilli-di-garanzia-10x20mm\/","og_locale":"it_IT","og_type":"article","og_title":"100 Etichette Adesive Sigilli di Garanzia 10x20mm - Adesivi Tastiera","og_description":"Set di 100 etichette adesive con scritta \u201cWarranty Void \u2013 If Seal Broken\u201d in PVC. Ideali per proteggere dispositivi da manomissioni e garantire la garanzia.","og_url":"https:\/\/adesivi-tastiera.matehub.it\/index.php\/prodotto\/100-etichette-adesive-sigilli-di-garanzia-10x20mm\/","og_site_name":"Adesivi Tastiera","article_publisher":"https:\/\/www.facebook.com\/StickersLabSrl","article_modified_time":"2025-05-27T10:04:16+00:00","og_image":[{"width":800,"height":800,"url":"https:\/\/adesivi-tastiera.matehub.it\/wp-content\/uploads\/2025\/05\/princ-5.jpg","type":"image\/jpeg"}],"twitter_card":"summary_large_image","twitter_misc":{"Tempo di lettura stimato":"2 minuti"},"schema":{"@context":"https:\/\/schema.org","@graph":[{"@type":"WebPage","@id":"https:\/\/adesivi-tastiera.matehub.it\/index.php\/prodotto\/100-etichette-adesive-sigilli-di-garanzia-10x20mm\/","url":"https:\/\/adesivi-tastiera.matehub.it\/index.php\/prodotto\/100-etichette-adesive-sigilli-di-garanzia-10x20mm\/","name":"100 Etichette Adesive Sigilli di Garanzia 10x20mm - Adesivi Tastiera","isPartOf":{"@id":"https:\/\/adesivi-tastiera.matehub.it\/#website"},"primaryImageOfPage":{"@id":"https:\/\/adesivi-tastiera.matehub.it\/index.php\/prodotto\/100-etichette-adesive-sigilli-di-garanzia-10x20mm\/#primaryimage"},"image":{"@id":"https:\/\/adesivi-tastiera.matehub.it\/index.php\/prodotto\/100-etichette-adesive-sigilli-di-garanzia-10x20mm\/#primaryimage"},"thumbnailUrl":"https:\/\/adesivi-tastiera.matehub.it\/wp-content\/uploads\/2025\/05\/princ-5.jpg","datePublished":"2025-05-14T10:15:38+00:00","dateModified":"2025-05-27T10:04:16+00:00","description":"Set di 100 etichette adesive con scritta \u201cWarranty Void \u2013 If Seal Broken\u201d in PVC. Ideali per proteggere dispositivi da manomissioni e garantire la garanzia.","breadcrumb":{"@id":"https:\/\/adesivi-tastiera.matehub.it\/index.php\/prodotto\/100-etichette-adesive-sigilli-di-garanzia-10x20mm\/#breadcrumb"},"inLanguage":"it-IT","potentialAction":[{"@type":"ReadAction","target":["https:\/\/adesivi-tastiera.matehub.it\/index.php\/prodotto\/100-etichette-adesive-sigilli-di-garanzia-10x20mm\/"]}]},{"@type":"ImageObject","inLanguage":"it-IT","@id":"https:\/\/adesivi-tastiera.matehub.it\/index.php\/prodotto\/100-etichette-adesive-sigilli-di-garanzia-10x20mm\/#primaryimage","url":"https:\/\/adesivi-tastiera.matehub.it\/wp-content\/uploads\/2025\/05\/princ-5.jpg","contentUrl":"https:\/\/adesivi-tastiera.matehub.it\/wp-content\/uploads\/2025\/05\/princ-5.jpg","width":800,"height":800},{"@type":"BreadcrumbList","@id":"https:\/\/adesivi-tastiera.matehub.it\/index.php\/prodotto\/100-etichette-adesive-sigilli-di-garanzia-10x20mm\/#breadcrumb","itemListElement":[{"@type":"ListItem","position":1,"name":"Home","item":"https:\/\/adesivi-tastiera.matehub.it\/"},{"@type":"ListItem","position":2,"name":"Shop","item":"https:\/\/adesivi-tastiera.matehub.it\/index.php\/shop\/"},{"@type":"ListItem","position":3,"name":"100 Etichette Adesive Sigilli di Garanzia 10x20mm"}]},{"@type":"WebSite","@id":"https:\/\/adesivi-tastiera.matehub.it\/#website","url":"https:\/\/adesivi-tastiera.matehub.it\/","name":"AdesiviTastiera","description":"","publisher":{"@id":"https:\/\/adesivi-tastiera.matehub.it\/#organization"},"potentialAction":[{"@type":"SearchAction","target":{"@type":"EntryPoint","urlTemplate":"https:\/\/adesivi-tastiera.matehub.it\/?s={search_term_string}"},"query-input":{"@type":"PropertyValueSpecification","valueRequired":true,"valueName":"search_term_string"}}],"inLanguage":"it-IT"},{"@type":"Organization","@id":"https:\/\/adesivi-tastiera.matehub.it\/#organization","name":"AdesiviTastiera","url":"https:\/\/adesivi-tastiera.matehub.it\/","logo":{"@type":"ImageObject","inLanguage":"it-IT","@id":"https:\/\/adesivi-tastiera.matehub.it\/#\/schema\/logo\/image\/","url":"https:\/\/adesivi-tastiera.matehub.it\/wp-content\/uploads\/2025\/05\/Adesivi-Tastiera-TM.png","contentUrl":"https:\/\/adesivi-tastiera.matehub.it\/wp-content\/uploads\/2025\/05\/Adesivi-Tastiera-TM.png","width":2000,"height":543,"caption":"AdesiviTastiera"},"image":{"@id":"https:\/\/adesivi-tastiera.matehub.it\/#\/schema\/logo\/image\/"},"sameAs":["https:\/\/www.facebook.com\/StickersLabSrl","https:\/\/www.instagram.com\/stickerslab_srl","https:\/\/www.youtube.com\/c\/stickerslab","https:\/\/www.linkedin.com\/company\/stickerslab-srl"]}]}},"_links":{"self":[{"href":"https:\/\/adesivi-tastiera.matehub.it\/index.php\/wp-json\/wp\/v2\/product\/148","targetHints":{"allow":["GET"]}}],"collection":[{"href":"https:\/\/adesivi-tastiera.matehub.it\/index.php\/wp-json\/wp\/v2\/product"}],"about":[{"href":"https:\/\/adesivi-tastiera.matehub.it\/index.php\/wp-json\/wp\/v2\/types\/product"}],"replies":[{"embeddable":true,"href":"https:\/\/adesivi-tastiera.matehub.it\/index.php\/wp-json\/wp\/v2\/comments?post=148"}],"version-history":[{"count":1,"href":"https:\/\/adesivi-tastiera.matehub.it\/index.php\/wp-json\/wp\/v2\/product\/148\/revisions"}],"predecessor-version":[{"id":498,"href":"https:\/\/adesivi-tastiera.matehub.it\/index.php\/wp-json\/wp\/v2\/product\/148\/revisions\/498"}],"wp:featuredmedia":[{"embeddable":true,"href":"https:\/\/adesivi-tastiera.matehub.it\/index.php\/wp-json\/wp\/v2\/media\/149"}],"wp:attachment":[{"href":"https:\/\/adesivi-tastiera.matehub.it\/index.php\/wp-json\/wp\/v2\/media?parent=148"}],"wp:term":[{"taxonomy":"product_brand","embeddable":true,"href":"https:\/\/adesivi-tastiera.matehub.it\/index.php\/wp-json\/wp\/v2\/product_brand?post=148"},{"taxonomy":"product_cat","embeddable":true,"href":"https:\/\/adesivi-tastiera.matehub.it\/index.php\/wp-json\/wp\/v2\/product_cat?post=148"},{"taxonomy":"product_tag","embeddable":true,"href":"https:\/\/adesivi-tastiera.matehub.it\/index.php\/wp-json\/wp\/v2\/product_tag?post=148"}],"curies":[{"name":"wp","href":"https:\/\/api.w.org\/{rel}","templated":true}]}}