{"id":61,"date":"2025-05-13T15:13:19","date_gmt":"2025-05-13T15:13:19","guid":{"rendered":"https:\/\/adesivi-tastiera.matehub.it\/?post_type=product&#038;p=61"},"modified":"2025-05-30T07:24:58","modified_gmt":"2025-05-30T07:24:58","slug":"adesivi-italiano-fondo-grey-lenovo-thinkbook-lettere-bianche","status":"publish","type":"product","link":"https:\/\/adesivi-tastiera.matehub.it\/index.php\/prodotto\/adesivi-italiano-fondo-grey-lenovo-thinkbook-lettere-bianche\/","title":{"rendered":"Adesivi Italiano Fondo grey Lenovo Thinkbook Lettere Bianche"},"content":{"rendered":"<div style=\"font-family: sans-serif; line-height: 1.5; font-size: 19px;\">\n<p>Gli adesivi per Lenovo ThinkBook, con lettere bianche su fondo grey, rappresentano una soluzione rapida ed efficace per aggiornare o convertire il layout tastiera in italiano. Infatti, grazie al loro design compatto e alla finitura opaca, si integrano perfettamente con i notebook ultracompatti. Inoltre, offrono un\u2019estetica elegante e una leggibilit\u00e0 ottimale in ogni condizione di luce. Se hai bisogno di ripristinare una tastiera scolorita o se stai utilizzando un notebook con layout straniero, questa \u00e8 una scelta funzionale e conveniente.<\/p>\n<h4><strong>Caratteristiche Principali<\/strong><\/h4>\n<ul>\n<li>Layout italiano (QWERTY), perfetto per studenti e professionisti<\/li>\n<li>Colore: fondo grigio opaco (dark grey matt) con caratteri bianchi ben contrastati<\/li>\n<li>Taglio smussato di precisione che migliora l\u2019aderenza e la durata<\/li>\n<li>Stampa serigrafica protetta da doppio strato: inchiostro UV e pellicola trasparente<\/li>\n<li>Facili da applicare e rimuovere, senza danneggiare la tastiera<\/li>\n<li>Compatibili con tastiere a basso profilo di netbook e ultrabook<\/li>\n<li>Ideali anche per utilizzi intensivi, poich\u00e9 resistono nel tempo senza scolorire<\/li>\n<\/ul>\n<h4><strong>Dettagli Tecnici<\/strong><\/h4>\n<ul>\n<li>Dimensione di ciascun adesivo: 9,6 \u00d7 11,5 mm<\/li>\n<li>Quantit\u00e0: 48 adesivi per la zona centrale della tastiera<\/li>\n<li>Materiale: PVC Avery serie 500, resistente e flessibile<\/li>\n<li>Tecnologia di produzione: taglio con plotter ad alta precisione<\/li>\n<li>Compatibilit\u00e0: Lenovo ThinkBook e dispositivi con tastiere compatte<\/li>\n<li>La dimensione compatta li rende perfetti anche per modelli pi\u00f9 piccoli<\/li>\n<\/ul>\n<h4><strong>Utilizzi Consigliati<\/strong><\/h4>\n<ul>\n<li>Conversione di tastiere con layout estero in italiano<\/li>\n<li>Ripristino estetico di tasti consumati o scoloriti<\/li>\n<li>Personalizzazione discreta per ambienti aziendali o accademici<\/li>\n<li>Ideale anche per home office, didattica e uso professionale<\/li>\n<li>Consigliato per notebook aziendali soggetti a uso condiviso o frequente<\/li>\n<\/ul>\n<h4><strong>Sconti per Quantit\u00e0<\/strong><\/h4>\n<table style=\"width: 100%; border-collapse: collapse; font-family: sans-serif; text-align: center; box-shadow: 0 0 0 1px #e0e0e0; border-radius: 25px; overflow: hidden;\">\n<thead>\n<tr style=\"background-color: #008080; color: white;\">\n<th style=\"border: 1px solid #ddd; padding: 8px;\">Quantit\u00e0<\/th>\n<th style=\"border: 1px solid #ddd; padding: 8px;\">Sconto<\/th>\n<th style=\"border: 1px solid #ddd; padding: 8px;\">Risparmio<\/th>\n<\/tr>\n<\/thead>\n<tbody>\n<tr>\n<td style=\"border: 1px solid #ddd; padding: 8px;\">5<\/td>\n<td style=\"border: 1px solid #ddd; padding: 8px;\">10%<\/td>\n<td style=\"border: 1px solid #ddd; padding: 8px;\">2,98 \u20ac<\/td>\n<\/tr>\n<tr>\n<td style=\"border: 1px solid #ddd; padding: 8px;\">10<\/td>\n<td style=\"border: 1px solid #ddd; padding: 8px;\">20%<\/td>\n<td style=\"border: 1px solid #ddd; padding: 8px;\">11,90 \u20ac<\/td>\n<\/tr>\n<tr>\n<td style=\"border: 1px solid #ddd; padding: 8px;\">25<\/td>\n<td style=\"border: 1px solid #ddd; padding: 8px;\">30%<\/td>\n<td style=\"border: 1px solid #ddd; padding: 8px;\">44,63 \u20ac<\/td>\n<\/tr>\n<tr>\n<td style=\"border: 1px solid #ddd; padding: 8px;\">50<\/td>\n<td style=\"border: 1px solid #ddd; padding: 8px;\">40%<\/td>\n<td style=\"border: 1px solid #ddd; padding: 8px;\">119,00 \u20ac<\/td>\n<\/tr>\n<tr>\n<td style=\"border: 1px solid #ddd; padding: 8px;\">100<\/td>\n<td style=\"border: 1px solid #ddd; padding: 8px;\">50%<\/td>\n<td style=\"border: 1px solid #ddd; padding: 8px;\">297,50 \u20ac<\/td>\n<\/tr>\n<tr>\n<td style=\"border: 1px solid #ddd; padding: 8px;\">250<\/td>\n<td style=\"border: 1px solid #ddd; padding: 8px;\">60%<\/td>\n<td style=\"border: 1px solid #ddd; padding: 8px;\">892,50 \u20ac<\/td>\n<\/tr>\n<tr>\n<td style=\"border: 1px solid #ddd; padding: 8px;\">500<\/td>\n<td style=\"border: 1px solid #ddd; padding: 8px;\">70%<\/td>\n<td style=\"border: 1px solid #ddd; padding: 8px;\">2.082,50 \u20ac<\/td>\n<\/tr>\n<\/tbody>\n<\/table>\n<h4><strong>Perch\u00e9 Sceglierli<\/strong><\/h4>\n<p>Questi adesivi in italiano, con lettere bianche su fondo grey, sono perfetti per chi desidera una soluzione pulita e professionale, capace di adattarsi con precisione alle tastiere Lenovo ThinkBook. Inoltre, la combinazione tra materiali di qualit\u00e0, facilit\u00e0 di applicazione e resa estetica li rende particolarmente adatti a chi cerca efficienza e durata, senza rinunciare allo stile. Se vuoi mantenere l\u2019aspetto originale del dispositivo e al tempo stesso migliorarne la funzionalit\u00e0, questa \u00e8 la scelta ideale. In conclusione, praticit\u00e0 e cura del dettaglio si uniscono in un prodotto pensato per utenti esigenti.<\/p>\n<\/div>\n","protected":false},"excerpt":{"rendered":"<div style=\"font-family: sans-serif; line-height: 1.6;\">\n<p style=\"margin: 0 0 0.5em 0;\">\u2022 Set di adesivi layout italiano (QWERTY) per Lenovo ThinkBook<\/p>\n<p style=\"margin: 0 0 0.5em 0;\">\u2022 Fondo grigio opaco con caratteri bianchi per un look professionale<\/p>\n<p style=\"margin: 0 0 0.5em 0;\">\u2022 Stampa serigrafica UV con protezione trasparente<\/p>\n<p style=\"margin: 0 0 0.5em 0;\">\u2022 Facili da applicare, resistenti e senza residui alla rimozione<\/p>\n<p style=\"margin: 0;\">\u2022 Compatibili con notebook compatti \u2013 Made in Italy<\/p>\n<\/div>\n","protected":false},"featured_media":62,"comment_status":"closed","ping_status":"closed","template":"","meta":[],"product_brand":[88,86],"product_cat":[16,17,19],"product_tag":[92,89,119,118,94,93,91],"class_list":{"0":"post-61","1":"product","2":"type-product","3":"status-publish","4":"has-post-thumbnail","6":"product_brand-adesivitastiera","7":"product_brand-stickerslab-ghirardi","8":"product_cat-adesivi-lingue","9":"product_cat-italiano","10":"product_cat-ultrabook-e-toughbook","11":"product_tag-adesivi","12":"product_tag-italiano","13":"product_tag-lenovo","14":"product_tag-notebook","15":"product_tag-pc","16":"product_tag-tasti","17":"product_tag-tastiera","19":"first","20":"instock","21":"shipping-taxable","22":"purchasable","23":"product-type-simple"},"yoast_head":"<!-- This site is optimized with the Yoast SEO plugin v25.3 - https:\/\/yoast.com\/wordpress\/plugins\/seo\/ -->\n<title>Adesivi Italiano Fondo grey Lenovo Thinkbook Lettere Bianche - Adesivi Tastiera<\/title>\n<meta name=\"description\" content=\"Adesivi in italiano per Lenovo ThinkBook, con lettere bianche su fondo grey. Ideali per tastiere compatte. Eleganti, resistenti e facili da applicare.\" \/>\n<meta name=\"robots\" content=\"index, follow, max-snippet:-1, max-image-preview:large, max-video-preview:-1\" \/>\n<link rel=\"canonical\" href=\"https:\/\/adesivi-tastiera.matehub.it\/index.php\/prodotto\/adesivi-italiano-fondo-grey-lenovo-thinkbook-lettere-bianche\/\" \/>\n<meta property=\"og:locale\" content=\"it_IT\" \/>\n<meta property=\"og:type\" content=\"article\" \/>\n<meta property=\"og:title\" content=\"Adesivi Italiano Fondo grey Lenovo Thinkbook Lettere Bianche - Adesivi Tastiera\" \/>\n<meta property=\"og:description\" content=\"Adesivi in italiano per Lenovo ThinkBook, con lettere bianche su fondo grey. Ideali per tastiere compatte. Eleganti, resistenti e facili da applicare.\" \/>\n<meta property=\"og:url\" content=\"https:\/\/adesivi-tastiera.matehub.it\/index.php\/prodotto\/adesivi-italiano-fondo-grey-lenovo-thinkbook-lettere-bianche\/\" \/>\n<meta property=\"og:site_name\" content=\"Adesivi Tastiera\" \/>\n<meta property=\"article:publisher\" content=\"https:\/\/www.facebook.com\/StickersLabSrl\" \/>\n<meta property=\"article:modified_time\" content=\"2025-05-30T07:24:58+00:00\" \/>\n<meta property=\"og:image\" content=\"https:\/\/adesivi-tastiera.matehub.it\/wp-content\/uploads\/2025\/05\/adesivi-italiano-fondo-grey-lenovo-thinkbook-lettere-bianche.webp\" \/>\n\t<meta property=\"og:image:width\" content=\"1100\" \/>\n\t<meta property=\"og:image:height\" content=\"1422\" \/>\n\t<meta property=\"og:image:type\" content=\"image\/webp\" \/>\n<meta name=\"twitter:card\" content=\"summary_large_image\" \/>\n<meta name=\"twitter:label1\" content=\"Tempo di lettura stimato\" \/>\n\t<meta name=\"twitter:data1\" content=\"3 minuti\" \/>\n<script type=\"application\/ld+json\" class=\"yoast-schema-graph\">{\"@context\":\"https:\/\/schema.org\",\"@graph\":[{\"@type\":\"WebPage\",\"@id\":\"https:\/\/adesivi-tastiera.matehub.it\/index.php\/prodotto\/adesivi-italiano-fondo-grey-lenovo-thinkbook-lettere-bianche\/\",\"url\":\"https:\/\/adesivi-tastiera.matehub.it\/index.php\/prodotto\/adesivi-italiano-fondo-grey-lenovo-thinkbook-lettere-bianche\/\",\"name\":\"Adesivi Italiano Fondo grey Lenovo Thinkbook Lettere Bianche - Adesivi Tastiera\",\"isPartOf\":{\"@id\":\"https:\/\/adesivi-tastiera.matehub.it\/#website\"},\"primaryImageOfPage\":{\"@id\":\"https:\/\/adesivi-tastiera.matehub.it\/index.php\/prodotto\/adesivi-italiano-fondo-grey-lenovo-thinkbook-lettere-bianche\/#primaryimage\"},\"image\":{\"@id\":\"https:\/\/adesivi-tastiera.matehub.it\/index.php\/prodotto\/adesivi-italiano-fondo-grey-lenovo-thinkbook-lettere-bianche\/#primaryimage\"},\"thumbnailUrl\":\"https:\/\/adesivi-tastiera.matehub.it\/wp-content\/uploads\/2025\/05\/adesivi-italiano-fondo-grey-lenovo-thinkbook-lettere-bianche.webp\",\"datePublished\":\"2025-05-13T15:13:19+00:00\",\"dateModified\":\"2025-05-30T07:24:58+00:00\",\"description\":\"Adesivi in italiano per Lenovo ThinkBook, con lettere bianche su fondo grey. Ideali per tastiere compatte. Eleganti, resistenti e facili da applicare.\",\"breadcrumb\":{\"@id\":\"https:\/\/adesivi-tastiera.matehub.it\/index.php\/prodotto\/adesivi-italiano-fondo-grey-lenovo-thinkbook-lettere-bianche\/#breadcrumb\"},\"inLanguage\":\"it-IT\",\"potentialAction\":[{\"@type\":\"ReadAction\",\"target\":[\"https:\/\/adesivi-tastiera.matehub.it\/index.php\/prodotto\/adesivi-italiano-fondo-grey-lenovo-thinkbook-lettere-bianche\/\"]}]},{\"@type\":\"ImageObject\",\"inLanguage\":\"it-IT\",\"@id\":\"https:\/\/adesivi-tastiera.matehub.it\/index.php\/prodotto\/adesivi-italiano-fondo-grey-lenovo-thinkbook-lettere-bianche\/#primaryimage\",\"url\":\"https:\/\/adesivi-tastiera.matehub.it\/wp-content\/uploads\/2025\/05\/adesivi-italiano-fondo-grey-lenovo-thinkbook-lettere-bianche.webp\",\"contentUrl\":\"https:\/\/adesivi-tastiera.matehub.it\/wp-content\/uploads\/2025\/05\/adesivi-italiano-fondo-grey-lenovo-thinkbook-lettere-bianche.webp\",\"width\":1100,\"height\":1422},{\"@type\":\"BreadcrumbList\",\"@id\":\"https:\/\/adesivi-tastiera.matehub.it\/index.php\/prodotto\/adesivi-italiano-fondo-grey-lenovo-thinkbook-lettere-bianche\/#breadcrumb\",\"itemListElement\":[{\"@type\":\"ListItem\",\"position\":1,\"name\":\"Home\",\"item\":\"https:\/\/adesivi-tastiera.matehub.it\/\"},{\"@type\":\"ListItem\",\"position\":2,\"name\":\"Shop\",\"item\":\"https:\/\/adesivi-tastiera.matehub.it\/index.php\/shop\/\"},{\"@type\":\"ListItem\",\"position\":3,\"name\":\"Adesivi Italiano Fondo grey Lenovo Thinkbook Lettere Bianche\"}]},{\"@type\":\"WebSite\",\"@id\":\"https:\/\/adesivi-tastiera.matehub.it\/#website\",\"url\":\"https:\/\/adesivi-tastiera.matehub.it\/\",\"name\":\"AdesiviTastiera\",\"description\":\"\",\"publisher\":{\"@id\":\"https:\/\/adesivi-tastiera.matehub.it\/#organization\"},\"potentialAction\":[{\"@type\":\"SearchAction\",\"target\":{\"@type\":\"EntryPoint\",\"urlTemplate\":\"https:\/\/adesivi-tastiera.matehub.it\/?s={search_term_string}\"},\"query-input\":{\"@type\":\"PropertyValueSpecification\",\"valueRequired\":true,\"valueName\":\"search_term_string\"}}],\"inLanguage\":\"it-IT\"},{\"@type\":\"Organization\",\"@id\":\"https:\/\/adesivi-tastiera.matehub.it\/#organization\",\"name\":\"AdesiviTastiera\",\"url\":\"https:\/\/adesivi-tastiera.matehub.it\/\",\"logo\":{\"@type\":\"ImageObject\",\"inLanguage\":\"it-IT\",\"@id\":\"https:\/\/adesivi-tastiera.matehub.it\/#\/schema\/logo\/image\/\",\"url\":\"https:\/\/adesivi-tastiera.matehub.it\/wp-content\/uploads\/2025\/05\/Adesivi-Tastiera-TM.png\",\"contentUrl\":\"https:\/\/adesivi-tastiera.matehub.it\/wp-content\/uploads\/2025\/05\/Adesivi-Tastiera-TM.png\",\"width\":2000,\"height\":543,\"caption\":\"AdesiviTastiera\"},\"image\":{\"@id\":\"https:\/\/adesivi-tastiera.matehub.it\/#\/schema\/logo\/image\/\"},\"sameAs\":[\"https:\/\/www.facebook.com\/StickersLabSrl\",\"https:\/\/www.instagram.com\/stickerslab_srl\",\"https:\/\/www.youtube.com\/c\/stickerslab\",\"https:\/\/www.linkedin.com\/company\/stickerslab-srl\"]}]}<\/script>\n<!-- \/ Yoast SEO plugin. -->","yoast_head_json":{"title":"Adesivi Italiano Fondo grey Lenovo Thinkbook Lettere Bianche - Adesivi Tastiera","description":"Adesivi in italiano per Lenovo ThinkBook, con lettere bianche su fondo grey. Ideali per tastiere compatte. Eleganti, resistenti e facili da applicare.","robots":{"index":"index","follow":"follow","max-snippet":"max-snippet:-1","max-image-preview":"max-image-preview:large","max-video-preview":"max-video-preview:-1"},"canonical":"https:\/\/adesivi-tastiera.matehub.it\/index.php\/prodotto\/adesivi-italiano-fondo-grey-lenovo-thinkbook-lettere-bianche\/","og_locale":"it_IT","og_type":"article","og_title":"Adesivi Italiano Fondo grey Lenovo Thinkbook Lettere Bianche - Adesivi Tastiera","og_description":"Adesivi in italiano per Lenovo ThinkBook, con lettere bianche su fondo grey. Ideali per tastiere compatte. Eleganti, resistenti e facili da applicare.","og_url":"https:\/\/adesivi-tastiera.matehub.it\/index.php\/prodotto\/adesivi-italiano-fondo-grey-lenovo-thinkbook-lettere-bianche\/","og_site_name":"Adesivi Tastiera","article_publisher":"https:\/\/www.facebook.com\/StickersLabSrl","article_modified_time":"2025-05-30T07:24:58+00:00","og_image":[{"width":1100,"height":1422,"url":"https:\/\/adesivi-tastiera.matehub.it\/wp-content\/uploads\/2025\/05\/adesivi-italiano-fondo-grey-lenovo-thinkbook-lettere-bianche.webp","type":"image\/webp"}],"twitter_card":"summary_large_image","twitter_misc":{"Tempo di lettura stimato":"3 minuti"},"schema":{"@context":"https:\/\/schema.org","@graph":[{"@type":"WebPage","@id":"https:\/\/adesivi-tastiera.matehub.it\/index.php\/prodotto\/adesivi-italiano-fondo-grey-lenovo-thinkbook-lettere-bianche\/","url":"https:\/\/adesivi-tastiera.matehub.it\/index.php\/prodotto\/adesivi-italiano-fondo-grey-lenovo-thinkbook-lettere-bianche\/","name":"Adesivi Italiano Fondo grey Lenovo Thinkbook Lettere Bianche - Adesivi Tastiera","isPartOf":{"@id":"https:\/\/adesivi-tastiera.matehub.it\/#website"},"primaryImageOfPage":{"@id":"https:\/\/adesivi-tastiera.matehub.it\/index.php\/prodotto\/adesivi-italiano-fondo-grey-lenovo-thinkbook-lettere-bianche\/#primaryimage"},"image":{"@id":"https:\/\/adesivi-tastiera.matehub.it\/index.php\/prodotto\/adesivi-italiano-fondo-grey-lenovo-thinkbook-lettere-bianche\/#primaryimage"},"thumbnailUrl":"https:\/\/adesivi-tastiera.matehub.it\/wp-content\/uploads\/2025\/05\/adesivi-italiano-fondo-grey-lenovo-thinkbook-lettere-bianche.webp","datePublished":"2025-05-13T15:13:19+00:00","dateModified":"2025-05-30T07:24:58+00:00","description":"Adesivi in italiano per Lenovo ThinkBook, con lettere bianche su fondo grey. Ideali per tastiere compatte. Eleganti, resistenti e facili da applicare.","breadcrumb":{"@id":"https:\/\/adesivi-tastiera.matehub.it\/index.php\/prodotto\/adesivi-italiano-fondo-grey-lenovo-thinkbook-lettere-bianche\/#breadcrumb"},"inLanguage":"it-IT","potentialAction":[{"@type":"ReadAction","target":["https:\/\/adesivi-tastiera.matehub.it\/index.php\/prodotto\/adesivi-italiano-fondo-grey-lenovo-thinkbook-lettere-bianche\/"]}]},{"@type":"ImageObject","inLanguage":"it-IT","@id":"https:\/\/adesivi-tastiera.matehub.it\/index.php\/prodotto\/adesivi-italiano-fondo-grey-lenovo-thinkbook-lettere-bianche\/#primaryimage","url":"https:\/\/adesivi-tastiera.matehub.it\/wp-content\/uploads\/2025\/05\/adesivi-italiano-fondo-grey-lenovo-thinkbook-lettere-bianche.webp","contentUrl":"https:\/\/adesivi-tastiera.matehub.it\/wp-content\/uploads\/2025\/05\/adesivi-italiano-fondo-grey-lenovo-thinkbook-lettere-bianche.webp","width":1100,"height":1422},{"@type":"BreadcrumbList","@id":"https:\/\/adesivi-tastiera.matehub.it\/index.php\/prodotto\/adesivi-italiano-fondo-grey-lenovo-thinkbook-lettere-bianche\/#breadcrumb","itemListElement":[{"@type":"ListItem","position":1,"name":"Home","item":"https:\/\/adesivi-tastiera.matehub.it\/"},{"@type":"ListItem","position":2,"name":"Shop","item":"https:\/\/adesivi-tastiera.matehub.it\/index.php\/shop\/"},{"@type":"ListItem","position":3,"name":"Adesivi Italiano Fondo grey Lenovo Thinkbook Lettere Bianche"}]},{"@type":"WebSite","@id":"https:\/\/adesivi-tastiera.matehub.it\/#website","url":"https:\/\/adesivi-tastiera.matehub.it\/","name":"AdesiviTastiera","description":"","publisher":{"@id":"https:\/\/adesivi-tastiera.matehub.it\/#organization"},"potentialAction":[{"@type":"SearchAction","target":{"@type":"EntryPoint","urlTemplate":"https:\/\/adesivi-tastiera.matehub.it\/?s={search_term_string}"},"query-input":{"@type":"PropertyValueSpecification","valueRequired":true,"valueName":"search_term_string"}}],"inLanguage":"it-IT"},{"@type":"Organization","@id":"https:\/\/adesivi-tastiera.matehub.it\/#organization","name":"AdesiviTastiera","url":"https:\/\/adesivi-tastiera.matehub.it\/","logo":{"@type":"ImageObject","inLanguage":"it-IT","@id":"https:\/\/adesivi-tastiera.matehub.it\/#\/schema\/logo\/image\/","url":"https:\/\/adesivi-tastiera.matehub.it\/wp-content\/uploads\/2025\/05\/Adesivi-Tastiera-TM.png","contentUrl":"https:\/\/adesivi-tastiera.matehub.it\/wp-content\/uploads\/2025\/05\/Adesivi-Tastiera-TM.png","width":2000,"height":543,"caption":"AdesiviTastiera"},"image":{"@id":"https:\/\/adesivi-tastiera.matehub.it\/#\/schema\/logo\/image\/"},"sameAs":["https:\/\/www.facebook.com\/StickersLabSrl","https:\/\/www.instagram.com\/stickerslab_srl","https:\/\/www.youtube.com\/c\/stickerslab","https:\/\/www.linkedin.com\/company\/stickerslab-srl"]}]}},"_links":{"self":[{"href":"https:\/\/adesivi-tastiera.matehub.it\/index.php\/wp-json\/wp\/v2\/product\/61","targetHints":{"allow":["GET"]}}],"collection":[{"href":"https:\/\/adesivi-tastiera.matehub.it\/index.php\/wp-json\/wp\/v2\/product"}],"about":[{"href":"https:\/\/adesivi-tastiera.matehub.it\/index.php\/wp-json\/wp\/v2\/types\/product"}],"replies":[{"embeddable":true,"href":"https:\/\/adesivi-tastiera.matehub.it\/index.php\/wp-json\/wp\/v2\/comments?post=61"}],"version-history":[{"count":1,"href":"https:\/\/adesivi-tastiera.matehub.it\/index.php\/wp-json\/wp\/v2\/product\/61\/revisions"}],"predecessor-version":[{"id":478,"href":"https:\/\/adesivi-tastiera.matehub.it\/index.php\/wp-json\/wp\/v2\/product\/61\/revisions\/478"}],"wp:featuredmedia":[{"embeddable":true,"href":"https:\/\/adesivi-tastiera.matehub.it\/index.php\/wp-json\/wp\/v2\/media\/62"}],"wp:attachment":[{"href":"https:\/\/adesivi-tastiera.matehub.it\/index.php\/wp-json\/wp\/v2\/media?parent=61"}],"wp:term":[{"taxonomy":"product_brand","embeddable":true,"href":"https:\/\/adesivi-tastiera.matehub.it\/index.php\/wp-json\/wp\/v2\/product_brand?post=61"},{"taxonomy":"product_cat","embeddable":true,"href":"https:\/\/adesivi-tastiera.matehub.it\/index.php\/wp-json\/wp\/v2\/product_cat?post=61"},{"taxonomy":"product_tag","embeddable":true,"href":"https:\/\/adesivi-tastiera.matehub.it\/index.php\/wp-json\/wp\/v2\/product_tag?post=61"}],"curies":[{"name":"wp","href":"https:\/\/api.w.org\/{rel}","templated":true}]}}